{"id":454,"date":"2013-10-11T21:43:26","date_gmt":"2013-10-11T21:43:26","guid":{"rendered":"http:\/\/blog.chury721.cz\/?page_id=454"},"modified":"2024-08-19T16:31:41","modified_gmt":"2024-08-19T14:31:41","slug":"server","status":"publish","type":"page","link":"https:\/\/blog.chury721.cz\/?page_id=454","title":{"rendered":"Server"},"content":{"rendered":"<p><strong> Konfigurace serveru: <\/strong><br \/>\n1U Server &#8211; Dell PowerEdge R210 II<\/p>\n<p><em>CPU:\u00a0<\/em>Intel(R) Xeon(R) E3-1220 V2 @ 3.10GHz (4-Core)<em><br \/>\n<\/em><em>RAM:<\/em> 16GB RAM DDR3 1333MHz<br \/>\n<em>SYSTEM:<\/em> Linux Debian for KVM<\/p>\n<p><strong>Konektivita:<br \/>\n<\/strong>NIX2:\u00a01 Gbit\/s<\/p>\n<p><strong>Backup:<br \/>\n<\/strong>HP Microserver Gen8<\/p>\n<p><strong>P\u0159\u00edprava na nahrazen\u00ed p\u016fvodn\u00edho:<\/strong><\/p>\n<h3>Server<\/h3>\n<p><em>2U Server &#8211; Dell PowerEdge R710<\/em><br \/>\nCPU: 2x\u00a0Intel(R) Xeon(R) X5670 @2.93GHz<br \/>\nRAM: 64GB<br \/>\nHDD: 2x300GB SAS, 2x900GB SAS<br \/>\niDrac, 2x FC card, 12x NET, 2x Power supply<\/p>\n<h3>Firewall<\/h3>\n<p><em>MikroTik CCR1009-7G-1C-1S+PC<\/em><br \/>\nCPU: 9x 1GHz<br \/>\nRAM: 2GB<br \/>\nNET: 7x Gbits ETH, SFP, SFP+<\/p>\n","protected":false},"excerpt":{"rendered":"<p>Konfigurace serveru: 1U Server &#8211; Dell PowerEdge R210 II CPU:\u00a0Intel(R) Xeon(R) E3-1220 V2 @ 3.10GHz (4-Core) RAM: 16GB RAM DDR3 1333MHz SYSTEM: Linux Debian for KVM Konektivita: NIX2:\u00a01 Gbit\/s Backup: HP Microserver Gen8 P\u0159\u00edprava na nahrazen\u00ed p\u016fvodn\u00edho: Server 2U Server &#8211; Dell PowerEdge R710 CPU: 2x\u00a0Intel(R) Xeon(R) X5670 @2.93GHz RAM: 64GB HDD: 2x300GB SAS, 2x900GB [&hellip;]<\/p>\n","protected":false},"author":1,"featured_media":0,"parent":0,"menu_order":0,"comment_status":"closed","ping_status":"closed","template":"","meta":{"footnotes":""},"class_list":["post-454","page","type-page","status-publish","hentry"],"_links":{"self":[{"href":"https:\/\/blog.chury721.cz\/index.php?rest_route=\/wp\/v2\/pages\/454"}],"collection":[{"href":"https:\/\/blog.chury721.cz\/index.php?rest_route=\/wp\/v2\/pages"}],"about":[{"href":"https:\/\/blog.chury721.cz\/index.php?rest_route=\/wp\/v2\/types\/page"}],"author":[{"embeddable":true,"href":"https:\/\/blog.chury721.cz\/index.php?rest_route=\/wp\/v2\/users\/1"}],"replies":[{"embeddable":true,"href":"https:\/\/blog.chury721.cz\/index.php?rest_route=%2Fwp%2Fv2%2Fcomments&post=454"}],"version-history":[{"count":23,"href":"https:\/\/blog.chury721.cz\/index.php?rest_route=\/wp\/v2\/pages\/454\/revisions"}],"predecessor-version":[{"id":1992,"href":"https:\/\/blog.chury721.cz\/index.php?rest_route=\/wp\/v2\/pages\/454\/revisions\/1992"}],"wp:attachment":[{"href":"https:\/\/blog.chury721.cz\/index.php?rest_route=%2Fwp%2Fv2%2Fmedia&parent=454"}],"curies":[{"name":"wp","href":"https:\/\/api.w.org\/{rel}","templated":true}]}}